{"id":15,"date":"2025-02-11T12:24:35","date_gmt":"2025-02-11T11:24:35","guid":{"rendered":"https:\/\/associaciodevictimesdana.com\/?page_id=15"},"modified":"2025-06-09T11:33:12","modified_gmt":"2025-06-09T09:33:12","slug":"inicio","status":"publish","type":"page","link":"https:\/\/associaciodevictimesdana.com\/","title":{"rendered":"Inici"},"content":{"rendered":"\n<div class=\"wp-block-cover alignfull is-light hestia-clear-top-padding\"><span aria-hidden=\"true\" class=\"wp-block-cover__background has-white-background-color has-background-dim-100 has-background-dim\"><\/span><div class=\"wp-block-cover__inner-container is-layout-flow wp-block-cover-is-layout-flow\">\n<p><\/p>\n\n\n\n<h2 class=\"wp-block-heading has-text-align-center has-text-color\" style=\"color:#3c4858\">Volem portar Carlos Maz\u00f3n i el seu govern als tribunals. <\/h2>\n\n\n\n<div style=\"height:0px\" aria-hidden=\"true\" class=\"wp-block-spacer\"><\/div>\n\n\n\n<div class=\"wp-block-columns container is-layout-flex wp-container-core-columns-is-layout-28f84493 wp-block-columns-is-layout-flex\">\n<div class=\"wp-block-column is-layout-flow wp-block-column-is-layout-flow\">\n<p class=\"has-text-align-center\">Denunciar davant la just\u00edcia i la societat valenciana la seua irresponsabilitat criminal abans de la DANA, durant la DANA, i despr\u00e9s de la DANA. <\/p>\n\n\n\n<p class=\"has-text-align-center\">Perqu\u00e8 s\u00f3n responsables de morts que eren evitables, si hagueren avisat a la ciutadania amb antelaci\u00f3 suficient. <\/p>\n\n\n\n<p class=\"has-text-align-center\">Perqu\u00e8 no van estar al costat de les v\u00edctimes i les zones afectades ni el dia seg\u00fcent de la cat\u00e0strofe, ni les setmanes i mesos posteriors: no van proporcionar cap ajuda, ni material ni humanit\u00e0ria. <\/p>\n\n\n\n<p class=\"has-text-align-center\">Perqu\u00e8 encara ara amaguen informaci\u00f3 i menteixen, enlloc de donar explicacions clares.<\/p>\n\n\n\n<p class=\"has-text-align-center\">Perqu\u00e8 no nom\u00e9s es neguen a assumir responsabilitats, sin\u00f3 a que sobre pretenen passar p\u00e0gina i que no se\u2019n parle m\u00e9s.Perqu\u00e8 no han mostrat cap empatia cap a les v\u00edctimes, ni han demanat perd\u00f3, ni s\u2019han retirat d\u2019uns c\u00e0rrecs que no han sabut exercir amb efic\u00e0cia, honestedat i dignitat. <\/p>\n\n\n\n<p class=\"has-text-align-center\">Perqu\u00e8 ens han fallat als valencians i valencianes, en tots els sentits.<\/p>\n\n\n\n<p class=\"has-text-align-center\">Perqu\u00e8 els responsables del desastre hum\u00e0, no poden pretendre continuar agafats a les seues cadires com si no tingueren cap responsabilitat.&nbsp;&nbsp;<\/p>\n\n\n\n<p class=\"has-text-align-center has-text-color\" style=\"color:#999999;font-size:14px\"><\/p>\n\n\n\n<p><\/p>\n\n\n\n<figure class=\"wp-block-image size-full\"><a href=\"https:\/\/associaciodevictimesdana.com\/index.php\/formulari-de-donacions\/\" target=\"_blank\" rel=\" noreferrer noopener\"><img decoding=\"async\" src=\"http:\/\/associaciodevictimesdana.com\/wp-content\/uploads\/2025\/06\/Donacio-victimes-dana-web.png\" alt=\"\" class=\"wp-image-163\"\/><\/a><\/figure>\n\n\n\n<p class=\"has-text-align-center has-text-color\" style=\"color:#999999;font-size:14px\"><\/p>\n\n\n\n<div style=\"height:25px\" aria-hidden=\"true\" class=\"wp-block-spacer\"><\/div>\n<\/div>\n<\/div>\n\n\n\n<div style=\"height:40px\" aria-hidden=\"true\" class=\"wp-block-spacer\"><\/div>\n<\/div><\/div>\n\n\n\n<div class=\"wp-block-columns container is-layout-flex wp-container-core-columns-is-layout-28f84493 wp-block-columns-is-layout-flex\">\n<div class=\"wp-block-column col-md-5 is-layout-flow wp-block-column-is-layout-flow\">\n<div style=\"height:55px\" aria-hidden=\"true\" class=\"wp-block-spacer\"><\/div>\n\n\n\n<h2 class=\"wp-block-heading\">Qui som<\/h2>\n\n\n\n<p>Som v\u00edctimes de la DANA del fat\u00eddic 29 d\u2019octubre de 2024. Hem patit p\u00e8rdues materials i personals (familiars i amistats que van morir), i hem perdut les nostres vides tal com les coneix\u00edem fins eixe moment, amb costos emocionals en alguns casos greus i potser irreparables.<\/p>\n\n\n\n<p>I som v\u00edctimes de la irresponsabilitat criminal del que pens\u00e0vem que era el nostre Govern i el nostre president: qui pens\u00e0vem que ens havia de protegir, ni ens va avisar (tot i els cient\u00edfics i el metere\u00f2legs havien informat), ni va estar al nostre costat el dia i les setmanes posteriors, ni ha estat a l\u2019al\u00e7ada pol\u00edtica, \u00e8tica i moral del que hem d\u2019esperar d\u2019un governant.<\/p>\n\n\n\n<p>Davant de l\u2019aband\u00f3 patit, ens hem aplegat, per acompanyar-nos, per denunciar la irresponsabilitat criminal, i per fer tot el possible perqu\u00e8 mai m\u00e9s torne a repetir-se una cat\u00e0strofe mortal com la que vam patir, perqu\u00e8 les morts (com a m\u00ednim la gran majoria, si no totes) es podien haver evitat.<\/p>\n<\/div>\n\n\n\n<div class=\"wp-block-column col-md-6 col-md-offset1 is-layout-flow wp-block-column-is-layout-flow\">\n<div style=\"height:55px\" aria-hidden=\"true\" class=\"wp-block-spacer\"><\/div>\n\n\n\n<figure class=\"wp-block-image size-large\"><img loading=\"lazy\" decoding=\"async\" width=\"495\" height=\"1024\" src=\"https:\/\/associaciodevictimesdana.com\/wp-content\/uploads\/2025\/02\/Captura-de-pantalla-2025-02-11-a-las-13.21.26-495x1024.png\" alt=\"\" class=\"wp-image-66\" srcset=\"https:\/\/associaciodevictimesdana.com\/wp-content\/uploads\/2025\/02\/Captura-de-pantalla-2025-02-11-a-las-13.21.26-495x1024.png 495w, https:\/\/associaciodevictimesdana.com\/wp-content\/uploads\/2025\/02\/Captura-de-pantalla-2025-02-11-a-las-13.21.26-145x300.png 145w, https:\/\/associaciodevictimesdana.com\/wp-content\/uploads\/2025\/02\/Captura-de-pantalla-2025-02-11-a-las-13.21.26-768x1590.png 768w, https:\/\/associaciodevictimesdana.com\/wp-content\/uploads\/2025\/02\/Captura-de-pantalla-2025-02-11-a-las-13.21.26-742x1536.png 742w, https:\/\/associaciodevictimesdana.com\/wp-content\/uploads\/2025\/02\/Captura-de-pantalla-2025-02-11-a-las-13.21.26.png 824w\" sizes=\"auto, (max-width: 495px) 100vw, 495px\" \/><\/figure>\n\n\n\n<p><\/p>\n<\/div>\n<\/div>\n","protected":false},"excerpt":{"rendered":"<p>Qui som Som v\u00edctimes de la DANA del fat\u00eddic 29 d\u2019octubre de 2024. Hem patit p\u00e8rdues materials i personals (familiars i amistats que van morir), i hem perdut les nostres vides tal com les coneix\u00edem fins eixe moment, amb costos emocionals en alguns casos greus i potser irreparables. I som [&hellip;]<\/p>\n","protected":false},"author":1,"featured_media":0,"parent":0,"menu_order":0,"comment_status":"closed","ping_status":"closed","template":"","meta":{"footnotes":""},"class_list":["post-15","page","type-page","status-publish","hentry"],"_links":{"self":[{"href":"https:\/\/associaciodevictimesdana.com\/index.php\/wp-json\/wp\/v2\/pages\/15","targetHints":{"allow":["GET"]}}],"collection":[{"href":"https:\/\/associaciodevictimesdana.com\/index.php\/wp-json\/wp\/v2\/pages"}],"about":[{"href":"https:\/\/associaciodevictimesdana.com\/index.php\/wp-json\/wp\/v2\/types\/page"}],"author":[{"embeddable":true,"href":"https:\/\/associaciodevictimesdana.com\/index.php\/wp-json\/wp\/v2\/users\/1"}],"replies":[{"embeddable":true,"href":"https:\/\/associaciodevictimesdana.com\/index.php\/wp-json\/wp\/v2\/comments?post=15"}],"version-history":[{"count":6,"href":"https:\/\/associaciodevictimesdana.com\/index.php\/wp-json\/wp\/v2\/pages\/15\/revisions"}],"predecessor-version":[{"id":164,"href":"https:\/\/associaciodevictimesdana.com\/index.php\/wp-json\/wp\/v2\/pages\/15\/revisions\/164"}],"wp:attachment":[{"href":"https:\/\/associaciodevictimesdana.com\/index.php\/wp-json\/wp\/v2\/media?parent=15"}],"curies":[{"name":"wp","href":"https:\/\/api.w.org\/{rel}","templated":true}]}}